{"id":2707,"date":"2025-01-03T13:42:44","date_gmt":"2025-01-03T12:42:44","guid":{"rendered":"https:\/\/wordpress.3hacken.at\/?page_id=2707"},"modified":"2026-01-21T17:24:58","modified_gmt":"2026-01-21T16:24:58","slug":"unterstufen-gymnasium","status":"publish","type":"page","link":"https:\/\/www.3hacken.at\/?page_id=2707","title":{"rendered":"Gymnasium-Unterstufe"},"content":{"rendered":"\t\t<div data-elementor-type=\"wp-page\" data-elementor-id=\"2707\" class=\"elementor elementor-2707\">\n\t\t\t\t<div class=\"elementor-element elementor-element-6396cc1 e-flex e-con-boxed wpr-particle-no wpr-jarallax-no wpr-parallax-no wpr-sticky-section-no e-con e-parent\" data-id=\"6396cc1\" data-element_type=\"container\" data-settings=\"{&quot;background_background&quot;:&quot;classic&quot;}\">\n\t\t\t\t\t<div class=\"e-con-inner\">\n\t\t<div class=\"elementor-element elementor-element-ab4e59e e-con-full e-flex wpr-particle-no wpr-jarallax-no wpr-parallax-no wpr-sticky-section-no e-con e-child\" data-id=\"ab4e59e\" data-element_type=\"container\">\n\t\t\t\t<div class=\"elementor-element elementor-element-d0fd21d elementor-widget elementor-widget-text-editor\" data-id=\"d0fd21d\" data-element_type=\"widget\" data-widget_type=\"text-editor.default\">\n\t\t\t\t<div class=\"elementor-widget-container\">\n\t\t\t\t\t\t\t\t\t<p style=\"text-align: left;\">Das Ziel des Gymnasiums am Schulstandort\u00a0Dreihackengasse ist eine qualit\u00e4tsvolle Ausbildung mit Schwerpunkten in\u00a0den Bereichen Sprachen, Kultur, Projektunterricht, soziales Lernen und\u00a0Selbstmanagement.\u00a0Das abschlie\u00dfende Reifepr\u00fcfungszeugnis berechtigt zur Inskription an allen\u00a0\u00f6sterreichischen Universit\u00e4ten, Hochschulen und Fachhochschulen.<\/p>\t\t\t\t\t\t\t\t<\/div>\n\t\t\t\t<\/div>\n\t\t\t\t<\/div>\n\t\t<div class=\"elementor-element elementor-element-560ce63 e-con-full e-flex wpr-particle-no wpr-jarallax-no wpr-parallax-no wpr-sticky-section-no e-con e-child\" data-id=\"560ce63\" data-element_type=\"container\">\n\t\t\t\t<div class=\"elementor-element elementor-element-d4b560f elementor-widget elementor-widget-image\" data-id=\"d4b560f\" data-element_type=\"widget\" data-widget_type=\"image.default\">\n\t\t\t\t<div class=\"elementor-widget-container\">\n\t\t\t\t\t\t\t\t\t\t\t\t\t\t\t<img fetchpriority=\"high\" decoding=\"async\" width=\"680\" height=\"454\" src=\"https:\/\/www.3hacken.at\/wp-content\/uploads\/2025\/01\/14-biologieunterricht19D2A02F-0079-2677-A59A-D8002C22BDD5.jpg\" class=\"attachment-large size-large wp-image-2708\" alt=\"\" srcset=\"https:\/\/www.3hacken.at\/wp-content\/uploads\/2025\/01\/14-biologieunterricht19D2A02F-0079-2677-A59A-D8002C22BDD5.jpg 680w, https:\/\/www.3hacken.at\/wp-content\/uploads\/2025\/01\/14-biologieunterricht19D2A02F-0079-2677-A59A-D8002C22BDD5-300x200.jpg 300w\" sizes=\"(max-width: 680px) 100vw, 680px\" \/>\t\t\t\t\t\t\t\t\t\t\t\t\t\t\t<\/div>\n\t\t\t\t<\/div>\n\t\t\t\t<\/div>\n\t\t<div class=\"elementor-element elementor-element-b28be1c e-con-full e-flex wpr-particle-no wpr-jarallax-no wpr-parallax-no wpr-sticky-section-no e-con e-child\" data-id=\"b28be1c\" data-element_type=\"container\">\n\t\t\t\t<div class=\"elementor-element elementor-element-15c4d95 elementor-widget elementor-widget-image\" data-id=\"15c4d95\" data-element_type=\"widget\" data-widget_type=\"image.default\">\n\t\t\t\t<div class=\"elementor-widget-container\">\n\t\t\t\t\t\t\t\t\t\t\t\t\t\t\t<img decoding=\"async\" width=\"680\" height=\"515\" src=\"https:\/\/www.3hacken.at\/wp-content\/uploads\/2025\/01\/25-physikunterrichtF38BC28C-FA89-D0B0-538A-DFAAAF0038BE.jpg\" class=\"attachment-large size-large wp-image-2709\" alt=\"\" srcset=\"https:\/\/www.3hacken.at\/wp-content\/uploads\/2025\/01\/25-physikunterrichtF38BC28C-FA89-D0B0-538A-DFAAAF0038BE.jpg 680w, https:\/\/www.3hacken.at\/wp-content\/uploads\/2025\/01\/25-physikunterrichtF38BC28C-FA89-D0B0-538A-DFAAAF0038BE-300x227.jpg 300w\" sizes=\"(max-width: 680px) 100vw, 680px\" \/>\t\t\t\t\t\t\t\t\t\t\t\t\t\t\t<\/div>\n\t\t\t\t<\/div>\n\t\t\t\t<\/div>\n\t\t<div class=\"elementor-element elementor-element-7736913 e-con-full e-flex wpr-particle-no wpr-jarallax-no wpr-parallax-no wpr-sticky-section-no e-con e-child\" data-id=\"7736913\" data-element_type=\"container\">\n\t\t\t\t<div class=\"elementor-element elementor-element-cb72b01 elementor-widget elementor-widget-text-editor\" data-id=\"cb72b01\" data-element_type=\"widget\" data-widget_type=\"text-editor.default\">\n\t\t\t\t<div class=\"elementor-widget-container\">\n\t\t\t\t\t\t\t\t\t<p>Aufnahmevoraussetzungen:<\/p><p>Es gelten die Aufnahmebedingungen f\u00fcr den Besuch von allgemein bildenden\u00a0h\u00f6heren Schulen (AHS): Voraussetzung f\u00fcr die Aufnahme in die 1. Klasse unseres\u00a0Gymnasiums ist die Erteilung der Gymnasialreife durch die Schulkonferenz der\u00a0Volksschule (\u00a7 40, Absatz 1 des SCHOG).<\/p>\t\t\t\t\t\t\t\t<\/div>\n\t\t\t\t<\/div>\n\t\t\t\t<\/div>\n\t\t\t\t\t<\/div>\n\t\t\t\t<\/div>\n\t\t<div class=\"elementor-element elementor-element-24a555a e-flex e-con-boxed wpr-particle-no wpr-jarallax-no wpr-parallax-no wpr-sticky-section-no e-con e-parent\" data-id=\"24a555a\" data-element_type=\"container\">\n\t\t\t\t\t<div class=\"e-con-inner\">\n\t\t\t\t<div class=\"elementor-element elementor-element-b70dc10 elementor-widget elementor-widget-heading\" data-id=\"b70dc10\" data-element_type=\"widget\" data-widget_type=\"heading.default\">\n\t\t\t\t<div class=\"elementor-widget-container\">\n\t\t\t\t\t<h2 class=\"elementor-heading-title elementor-size-default\">Stundentafeln<\/h2>\t\t\t\t<\/div>\n\t\t\t\t<\/div>\n\t\t\t\t\t<\/div>\n\t\t\t\t<\/div>\n\t\t<div class=\"elementor-element elementor-element-68466fa e-flex e-con-boxed wpr-particle-no wpr-jarallax-no wpr-parallax-no wpr-sticky-section-no e-con e-parent\" data-id=\"68466fa\" data-element_type=\"container\">\n\t\t\t\t\t<div class=\"e-con-inner\">\n\t\t\t\t<div class=\"elementor-element elementor-element-db7aaf2 elementor-widget elementor-widget-elementskit-accordion\" data-id=\"db7aaf2\" data-element_type=\"widget\" data-widget_type=\"elementskit-accordion.default\">\n\t\t\t\t<div class=\"elementor-widget-container\">\n\t\t\t\t\t<div class=\"ekit-wid-con\" >\n        <div class=\"elementskit-accordion accoedion-primary\" id=\"accordion-6a0460234b7ec\">\n\n            \n                <div class=\"elementskit-card active\">\n                    <div class=\"elementskit-card-header\" id=\"primaryHeading-0-db7aaf2\">\n                        <a href=\"#collapse-bbde02f6a0460234b7ec\" class=\"ekit-accordion--toggler elementskit-btn-link collapsed\" data-ekit-toggle=\"collapse\" data-target=\"#Collapse-bbde02f6a0460234b7ec\" aria-expanded=\"true\" aria-controls=\"Collapse-bbde02f6a0460234b7ec\">\n                            \n                            <span class=\"ekit-accordion-title\">Gymnasium Unterstufe<\/span>\n\n                            \n                                <div class=\"ekit_accordion_icon_group\">\n                                    <div class=\"ekit_accordion_normal_icon\">\n                                        <!-- Normal Icon -->\n\t\t\t\t\t\t\t\t\t\t<i class=\"icon icon-down-arrow1\"><\/i>                                    <\/div>\n\n                                    <div class=\"ekit_accordion_active_icon\">\n                                        <!-- Active Icon -->\n\t\t\t\t\t\t\t\t\t\t<i class=\"icon icon-up-arrow\"><\/i>                                    <\/div>\n                                <\/div>\n\n                            \n                                                    <\/a>\n                    <\/div>\n\n                    <div id=\"Collapse-bbde02f6a0460234b7ec\" class=\" show collapse\" aria-labelledby=\"primaryHeading-0-db7aaf2\" data-parent=\"#accordion-6a0460234b7ec\">\n\n                        <div class=\"elementskit-card-body ekit-accordion--content\">\n                            <table><tbody><tr><td colspan=\"6\"><p><strong>Gymnasium Unterstufe<\/strong><\/p><\/td><\/tr><tr><td rowspan=\"2\"><p><em>Pflichtgegenst\u00e4nde<\/em><\/p><\/td><td colspan=\"5\"><p><em>Wochenstunden<\/em><\/p><\/td><\/tr><tr><td><p><em>1.Kl.<\/em><\/p><\/td><td><p><em>2.Kl.<\/em><\/p><\/td><td><p><em>3.Kl.<\/em><\/p><\/td><td><p><em>4.Kl.<\/em><\/p><\/td><td><p><em>Gesamt<\/em><\/p><\/td><\/tr><tr><td><p>Religion<\/p><\/td><td><p>2<\/p><\/td><td><p>2<\/p><\/td><td><p>2<\/p><\/td><td><p>2<\/p><\/td><td><p>8<\/p><\/td><\/tr><tr><td><p>Deutsch<\/p><\/td><td><p>4<\/p><\/td><td><p>4<\/p><\/td><td><p>4<\/p><\/td><td><p>4<\/p><\/td><td><p>16<\/p><\/td><\/tr><tr><td><p>Englisch<\/p><\/td><td><p>4<\/p><\/td><td><p>4<\/p><\/td><td><p>4<\/p><\/td><td><p>3<\/p><\/td><td><p>15<\/p><\/td><\/tr><tr><td><p>Latein\/Franz\u00f6sisch<\/p><\/td><td><p>-<\/p><\/td><td><p>-<\/p><\/td><td><p>4<\/p><\/td><td><p>3<\/p><\/td><td><p>7<\/p><\/td><\/tr><tr><td><p>Geschichte und Politische Bildung<\/p><\/td><td><p>-<\/p><\/td><td><p>2<\/p><\/td><td><p>2<\/p><\/td><td><p>2<\/p><\/td><td><p>6<\/p><\/td><\/tr><tr><td><p>Geografie und Wirtschaftliche Bildung<\/p><\/td><td><p>2<\/p><\/td><td><p>1<\/p><\/td><td><p>2<\/p><\/td><td><p>2<\/p><\/td><td><p>7<\/p><\/td><\/tr><tr><td><p>Mathematik<\/p><\/td><td><p>4<\/p><\/td><td><p>4<\/p><\/td><td><p>3<\/p><\/td><td><p>3<\/p><\/td><td><p>14<\/p><\/td><\/tr><tr><td><p>Biologie und Umweltbildung<\/p><\/td><td><p>2<\/p><\/td><td><p>2<\/p><\/td><td><p>1<\/p><\/td><td><p>2<\/p><\/td><td><p>7<\/p><\/td><\/tr><tr><td><p>Chemie<\/p><\/td><td><p>-<\/p><\/td><td><p>-<\/p><\/td><td><p>-<\/p><\/td><td><p>2<\/p><\/td><td><p>2<\/p><\/td><\/tr><tr><td><p>Physik<\/p><\/td><td><p>-<\/p><\/td><td><p>1<\/p><\/td><td><p>2<\/p><\/td><td><p>2<\/p><\/td><td><p>5<\/p><\/td><\/tr><tr><td><p>Musik<\/p><\/td><td><p>2<\/p><\/td><td><p>2<\/p><\/td><td><p>2<\/p><\/td><td><p>1<\/p><\/td><td><p>7<\/p><\/td><\/tr><tr><td><p>Kunst und Gestaltung<\/p><\/td><td><p>2<\/p><\/td><td><p>2<\/p><\/td><td><p>2<\/p><\/td><td><p>2<\/p><\/td><td><p>8<\/p><\/td><\/tr><tr><td><p>Technik und Design<\/p><\/td><td><p>2<\/p><\/td><td><p>2<\/p><\/td><td><p>-<\/p><\/td><td><p>-<\/p><\/td><td><p>4<\/p><\/td><\/tr><tr><td><p>Bewegung und Sport<\/p><\/td><td><p>4<\/p><\/td><td><p>4<\/p><\/td><td><p>3<\/p><\/td><td><p>3<\/p><\/td><td><p>14<\/p><\/td><\/tr><tr><td><p>Digitale Grundbildung<\/p><\/td><td><p>1<\/p><\/td><td><p>1<\/p><\/td><td><p>1<\/p><\/td><td><p>1<\/p><\/td><td><p>4<\/p><\/td><\/tr><tr><td><p><strong>Summe<\/strong><\/p><\/td><td><p><strong>29<\/strong><\/p><\/td><td><p><strong>31<\/strong><\/p><\/td><td><p><strong>32<\/strong><\/p><\/td><td><p><strong>32<\/strong><\/p><\/td><td><p><strong>124<\/strong><\/p><\/td><\/tr><tr><td><p>Verbindliche \u00dcbung Deutsch<\/p><\/td><td><p>1<\/p><\/td><td><p>1<\/p><\/td><td><p>\u00a0<\/p><\/td><td><p>\u00a0<\/p><\/td><td><p>2<\/p><\/td><\/tr><tr><td><p>Pers\u00f6nlichkeitsbildung<\/p><\/td><td><p>1<\/p><\/td><td><p>1<\/p><\/td><td><p>\u00a0<\/p><\/td><td><p>\u00a0<\/p><\/td><td><p>2<\/p><\/td><\/tr><\/tbody><\/table>                        <\/div>\n\n                    <\/div>\n\n                <\/div><!-- .elementskit-card END -->\n\n                                        <\/div>\n    <\/div>\t\t\t\t<\/div>\n\t\t\t\t<\/div>\n\t\t\t\t\t<\/div>\n\t\t\t\t<\/div>\n\t\t\t\t<\/div>\n\t\t","protected":false},"excerpt":{"rendered":"<p>Das Ziel des Gymnasiums am Schulstandort\u00a0Dreihackengasse ist eine qualit\u00e4tsvolle Ausbildung mit Schwerpunkten in\u00a0den Bereichen Sprachen, Kultur, Projektunterricht, soziales Lernen und\u00a0Selbstmanagement.\u00a0Das abschlie\u00dfende Reifepr\u00fcfungszeugnis berechtigt zur Inskription an allen\u00a0\u00f6sterreichischen Universit\u00e4ten, Hochschulen und Fachhochschulen. Aufnahmevoraussetzungen: Es gelten die Aufnahmebedingungen f\u00fcr den Besuch von allgemein bildenden\u00a0h\u00f6heren Schulen (AHS): Voraussetzung f\u00fcr die Aufnahme in die 1. Klasse unseres\u00a0Gymnasiums ist die Erteilung der Gymnasialreife durch die Schulkonferenz der\u00a0Volksschule (\u00a7 40, Absatz 1 des SCHOG). Stundentafeln Gymnasium Unterstufe Gymnasium Unterstufe Pflichtgegenst\u00e4nde Wochenstunden 1.Kl. 2.Kl. 3.Kl. 4.Kl. Gesamt Religion 2 2 2 2 8 Deutsch 4 4 4 4 16 Englisch 4 4 4 3 15 Latein\/Franz\u00f6sisch &#8211; &#8211; 4 3 7 Geschichte und Politische Bildung &#8211; 2 2 2 6 Geografie und Wirtschaftliche Bildung 2 1 2 2 7 Mathematik 4 4 3 3 14 Biologie und Umweltbildung 2 2 1 2 7 Chemie &#8211; &#8211; &#8211; 2 2 Physik &#8211; 1 2 2 5 Musik 2 2 2 1 7 Kunst und Gestaltung 2 2 2 2 8 Technik und Design 2 2 &#8211; &#8211; 4 Bewegung und Sport 4 4 3 3 14 Digitale Grundbildung 1 1 1 1 4 Summe 29 31 32 32 124 Verbindliche \u00dcbung Deutsch 1 1 \u00a0 \u00a0 2 Pers\u00f6nlichkeitsbildung 1 1 \u00a0 \u00a0 2<\/p>\n","protected":false},"author":1,"featured_media":0,"parent":0,"menu_order":0,"comment_status":"closed","ping_status":"closed","template":"","meta":{"_eb_attr":"","postBodyCss":"","postBodyMargin":[],"postBodyPadding":[],"postBodyBackground":{"backgroundType":"classic","gradient":""},"footnotes":""},"class_list":["post-2707","page","type-page","status-publish","hentry"],"aioseo_notices":[],"_links":{"self":[{"href":"https:\/\/www.3hacken.at\/index.php?rest_route=\/wp\/v2\/pages\/2707","targetHints":{"allow":["GET"]}}],"collection":[{"href":"https:\/\/www.3hacken.at\/index.php?rest_route=\/wp\/v2\/pages"}],"about":[{"href":"https:\/\/www.3hacken.at\/index.php?rest_route=\/wp\/v2\/types\/page"}],"author":[{"embeddable":true,"href":"https:\/\/www.3hacken.at\/index.php?rest_route=\/wp\/v2\/users\/1"}],"replies":[{"embeddable":true,"href":"https:\/\/www.3hacken.at\/index.php?rest_route=%2Fwp%2Fv2%2Fcomments&post=2707"}],"version-history":[{"count":11,"href":"https:\/\/www.3hacken.at\/index.php?rest_route=\/wp\/v2\/pages\/2707\/revisions"}],"predecessor-version":[{"id":6406,"href":"https:\/\/www.3hacken.at\/index.php?rest_route=\/wp\/v2\/pages\/2707\/revisions\/6406"}],"wp:attachment":[{"href":"https:\/\/www.3hacken.at\/index.php?rest_route=%2Fwp%2Fv2%2Fmedia&parent=2707"}],"curies":[{"name":"wp","href":"https:\/\/api.w.org\/{rel}","templated":true}]}}