{"id":3091,"date":"2025-01-19T12:45:24","date_gmt":"2025-01-19T11:45:24","guid":{"rendered":"https:\/\/wordpress.3hacken.at\/?page_id=3091"},"modified":"2025-11-28T06:03:52","modified_gmt":"2025-11-28T05:03:52","slug":"bibliothek","status":"publish","type":"page","link":"https:\/\/www.3hacken.at\/?page_id=3091","title":{"rendered":"Bibliothek"},"content":{"rendered":"\t\t<div data-elementor-type=\"wp-page\" data-elementor-id=\"3091\" class=\"elementor elementor-3091\">\n\t\t\t\t<div class=\"elementor-element elementor-element-d025620 e-flex e-con-boxed wpr-particle-no wpr-jarallax-no wpr-parallax-no wpr-sticky-section-no e-con e-parent\" data-id=\"d025620\" data-element_type=\"container\">\n\t\t\t\t\t<div class=\"e-con-inner\">\n\t\t\t\t<div class=\"elementor-element elementor-element-f0f15a2 elementor-widget elementor-widget-text-editor\" data-id=\"f0f15a2\" data-element_type=\"widget\" data-widget_type=\"text-editor.default\">\n\t\t\t\t<div class=\"elementor-widget-container\">\n\t\t\t\t\t\t\t\t\t<h3 style=\"text-align: center;\">Nutze mit diesem Link die M\u00f6glichkeit der Online-Recherche, um B\u00fccher, Zeitschriften und mehr in unserer Bibliothek zu suchen:<\/h3><h3 style=\"text-align: center;\"><span style=\"color: #ff00ff;\"><a style=\"color: #ff00ff;\" href=\"https:\/\/www.bibliotheken.at\/search?start=0&amp;scope=L60101070\" target=\"_blank\" rel=\"noopener\">Online Bibliothek <\/a><\/span><\/h3>\t\t\t\t\t\t\t\t<\/div>\n\t\t\t\t<\/div>\n\t\t\t\t\t<\/div>\n\t\t\t\t<\/div>\n\t\t<div class=\"elementor-element elementor-element-069dd32 e-flex e-con-boxed wpr-particle-no wpr-jarallax-no wpr-parallax-no wpr-sticky-section-no e-con e-parent\" data-id=\"069dd32\" data-element_type=\"container\" data-settings=\"{&quot;background_background&quot;:&quot;classic&quot;}\">\n\t\t\t\t\t<div class=\"e-con-inner\">\n\t\t<div class=\"elementor-element elementor-element-c64eb6e e-con-full e-flex wpr-particle-no wpr-jarallax-no wpr-parallax-no wpr-sticky-section-no e-con e-child\" data-id=\"c64eb6e\" data-element_type=\"container\">\n\t\t<div class=\"elementor-element elementor-element-0928445 e-con-full e-flex wpr-particle-no wpr-jarallax-no wpr-parallax-no wpr-sticky-section-no e-con e-child\" data-id=\"0928445\" data-element_type=\"container\">\n\t\t<div class=\"elementor-element elementor-element-a605176 e-grid e-con-full wpr-particle-no wpr-jarallax-no wpr-parallax-no wpr-sticky-section-no e-con e-child\" data-id=\"a605176\" data-element_type=\"container\">\n\t\t\t\t<div class=\"elementor-element elementor-element-73edfe5 elementor-widget elementor-widget-image\" data-id=\"73edfe5\" data-element_type=\"widget\" data-widget_type=\"image.default\">\n\t\t\t\t<div class=\"elementor-widget-container\">\n\t\t\t\t\t\t\t\t\t\t\t\t\t\t\t<img fetchpriority=\"high\" decoding=\"async\" width=\"640\" height=\"607\" src=\"https:\/\/www.3hacken.at\/wp-content\/uploads\/2025\/01\/Bib_2019.jpg\" class=\"attachment-medium_large size-medium_large wp-image-3094\" alt=\"\" srcset=\"https:\/\/www.3hacken.at\/wp-content\/uploads\/2025\/01\/Bib_2019.jpg 640w, https:\/\/www.3hacken.at\/wp-content\/uploads\/2025\/01\/Bib_2019-300x285.jpg 300w\" sizes=\"(max-width: 640px) 100vw, 640px\" \/>\t\t\t\t\t\t\t\t\t\t\t\t\t\t\t<\/div>\n\t\t\t\t<\/div>\n\t\t\t\t<div class=\"elementor-element elementor-element-856cfb8 elementor-widget elementor-widget-image\" data-id=\"856cfb8\" data-element_type=\"widget\" data-widget_type=\"image.default\">\n\t\t\t\t<div class=\"elementor-widget-container\">\n\t\t\t\t\t\t\t\t\t\t\t\t\t\t\t<img decoding=\"async\" width=\"768\" height=\"512\" src=\"https:\/\/www.3hacken.at\/wp-content\/uploads\/2025\/01\/BIB_Cover-Voting_10Glckspilze-klein-768x512.jpg\" class=\"attachment-medium_large size-medium_large wp-image-3093\" alt=\"\" srcset=\"https:\/\/www.3hacken.at\/wp-content\/uploads\/2025\/01\/BIB_Cover-Voting_10Glckspilze-klein-768x512.jpg 768w, https:\/\/www.3hacken.at\/wp-content\/uploads\/2025\/01\/BIB_Cover-Voting_10Glckspilze-klein-300x200.jpg 300w, https:\/\/www.3hacken.at\/wp-content\/uploads\/2025\/01\/BIB_Cover-Voting_10Glckspilze-klein-1024x683.jpg 1024w, https:\/\/www.3hacken.at\/wp-content\/uploads\/2025\/01\/BIB_Cover-Voting_10Glckspilze-klein-1536x1024.jpg 1536w, https:\/\/www.3hacken.at\/wp-content\/uploads\/2025\/01\/BIB_Cover-Voting_10Glckspilze-klein-2048x1365.jpg 2048w\" sizes=\"(max-width: 768px) 100vw, 768px\" \/>\t\t\t\t\t\t\t\t\t\t\t\t\t\t\t<\/div>\n\t\t\t\t<\/div>\n\t\t\t\t<\/div>\n\t\t\t\t<\/div>\n\t\t\t\t<\/div>\n\t\t<div class=\"elementor-element elementor-element-479b655 e-con-full e-flex wpr-particle-no wpr-jarallax-no wpr-parallax-no wpr-sticky-section-no e-con e-child\" data-id=\"479b655\" data-element_type=\"container\">\n\t\t<div class=\"elementor-element elementor-element-6c62da9 e-con-full e-flex wpr-particle-no wpr-jarallax-no wpr-parallax-no wpr-sticky-section-no e-con e-child\" data-id=\"6c62da9\" data-element_type=\"container\">\n\t\t<div class=\"elementor-element elementor-element-77715c7 e-grid e-con-full wpr-particle-no wpr-jarallax-no wpr-parallax-no wpr-sticky-section-no e-con e-child\" data-id=\"77715c7\" data-element_type=\"container\">\n\t\t\t\t<div class=\"elementor-element elementor-element-2c7f108 elementor-widget elementor-widget-image\" data-id=\"2c7f108\" data-element_type=\"widget\" data-widget_type=\"image.default\">\n\t\t\t\t<div class=\"elementor-widget-container\">\n\t\t\t\t\t\t\t\t\t\t\t\t\t\t\t<img decoding=\"async\" src=\"https:\/\/www.3hacken.at\/wp-content\/uploads\/2025\/11\/O\u0308ffnungszeiten_BIB_SJ2025-26-1.pdf\" title=\"\" alt=\"\" loading=\"lazy\" \/>\t\t\t\t\t\t\t\t\t\t\t\t\t\t\t<\/div>\n\t\t\t\t<\/div>\n\t\t\t\t<\/div>\n\t\t\t\t<\/div>\n\t\t\t\t<\/div>\n\t\t<div class=\"elementor-element elementor-element-2027f05 e-con-full e-flex wpr-particle-no wpr-jarallax-no wpr-parallax-no wpr-sticky-section-no e-con e-child\" data-id=\"2027f05\" data-element_type=\"container\">\n\t\t\t\t<div class=\"elementor-element elementor-element-fc210e6 elementor-widget elementor-widget-text-editor\" data-id=\"fc210e6\" data-element_type=\"widget\" data-widget_type=\"text-editor.default\">\n\t\t\t\t<div class=\"elementor-widget-container\">\n\t\t\t\t\t\t\t\t\t<p style=\"text-align: center;\"><strong>In unserer Bibliothek gibt es B\u00fccher &#8230;<\/strong><br \/>einfach zum Lesen, weil es Spa\u00df macht,<br \/>f\u00fcr die Schule,<br \/>um mehr zu wissen,<br \/>um sich mit neuen und anderen Fragen<br \/>und Themen zu besch\u00e4ftigen,<br \/>f\u00fcr die Seele und den Geist,<br \/>f\u00fcr das Finden von Ideen,<br \/>\u00fcber die Welt, die Geschichte, die Liebe und<br \/>\u00fcber das Nachdenken,<br \/>in Englisch, Franz\u00f6sisch, Italienisch, &#8230;<br \/>mit vielen Zeichnungen (Comics, Graphic Novels), &#8230;<\/p><p style=\"text-align: center;\">dazu noch Filme und H\u00f6rb\u00fccher, &#8230;<br \/>UND selbstverst\u00e4ndlich die Schulhefte<br \/>und Collegebl\u00f6cke!<\/p><p><strong>Wir freuen uns auf euren Besuch!<\/strong><br \/>Prof. Astrid Gutjahr,<br \/>Prof. Elisabeth Strempfl&amp;<br \/>Prof. Bernadette Nagl<br \/>(das BIB-Team)<\/p>\t\t\t\t\t\t\t\t<\/div>\n\t\t\t\t<\/div>\n\t\t\t\t<\/div>\n\t\t\t\t\t<\/div>\n\t\t\t\t<\/div>\n\t\t\t\t<\/div>\n\t\t","protected":false},"excerpt":{"rendered":"<p>Nutze mit diesem Link die M\u00f6glichkeit der Online-Recherche, um B\u00fccher, Zeitschriften und mehr in unserer Bibliothek zu suchen: Online Bibliothek In unserer Bibliothek gibt es B\u00fccher &#8230;einfach zum Lesen, weil es Spa\u00df macht,f\u00fcr die Schule,um mehr zu wissen,um sich mit neuen und anderen Fragenund Themen zu besch\u00e4ftigen,f\u00fcr die Seele und den Geist,f\u00fcr das Finden von Ideen,\u00fcber die Welt, die Geschichte, die Liebe und\u00fcber das Nachdenken,in Englisch, Franz\u00f6sisch, Italienisch, &#8230;mit vielen Zeichnungen (Comics, Graphic Novels), &#8230; dazu noch Filme und H\u00f6rb\u00fccher, &#8230;UND selbstverst\u00e4ndlich die Schulhefteund Collegebl\u00f6cke! Wir freuen uns auf euren Besuch!Prof. Astrid Gutjahr,Prof. Elisabeth Strempfl&amp;Prof. Bernadette Nagl(das BIB-Team)<\/p>\n","protected":false},"author":1,"featured_media":0,"parent":0,"menu_order":0,"comment_status":"closed","ping_status":"closed","template":"","meta":{"_eb_attr":"","postBodyCss":"","postBodyMargin":[],"postBodyPadding":[],"postBodyBackground":{"backgroundType":"classic","gradient":""},"footnotes":""},"class_list":["post-3091","page","type-page","status-publish","hentry"],"aioseo_notices":[],"_links":{"self":[{"href":"https:\/\/www.3hacken.at\/index.php?rest_route=\/wp\/v2\/pages\/3091","targetHints":{"allow":["GET"]}}],"collection":[{"href":"https:\/\/www.3hacken.at\/index.php?rest_route=\/wp\/v2\/pages"}],"about":[{"href":"https:\/\/www.3hacken.at\/index.php?rest_route=\/wp\/v2\/types\/page"}],"author":[{"embeddable":true,"href":"https:\/\/www.3hacken.at\/index.php?rest_route=\/wp\/v2\/users\/1"}],"replies":[{"embeddable":true,"href":"https:\/\/www.3hacken.at\/index.php?rest_route=%2Fwp%2Fv2%2Fcomments&post=3091"}],"version-history":[{"count":6,"href":"https:\/\/www.3hacken.at\/index.php?rest_route=\/wp\/v2\/pages\/3091\/revisions"}],"predecessor-version":[{"id":6128,"href":"https:\/\/www.3hacken.at\/index.php?rest_route=\/wp\/v2\/pages\/3091\/revisions\/6128"}],"wp:attachment":[{"href":"https:\/\/www.3hacken.at\/index.php?rest_route=%2Fwp%2Fv2%2Fmedia&parent=3091"}],"curies":[{"name":"wp","href":"https:\/\/api.w.org\/{rel}","templated":true}]}}