{"id":4075,"date":"2025-05-06T20:14:51","date_gmt":"2025-05-06T18:14:51","guid":{"rendered":"https:\/\/wordpress.3hacken.at\/?page_id=4075"},"modified":"2025-05-06T20:14:54","modified_gmt":"2025-05-06T18:14:54","slug":"gangaufsichten-legende","status":"publish","type":"page","link":"https:\/\/www.3hacken.at\/?page_id=4075","title":{"rendered":"Gangaufsichten &#8211; Legende"},"content":{"rendered":"\n<figure class=\"wp-block-table aligncenter has-medium-font-size\"><table class=\"has-fixed-layout\"><tbody><tr><td><strong>Sport+Dreih<\/strong><\/td><td>Sportplatz West + Eingang Dreih.<\/td><\/tr><tr><td><strong>Eingang<\/strong><\/td><td>Haupteingang bis Knaben-WC<\/td><\/tr><tr><td><strong>GR1 + Terr<\/strong><\/td><td>GR1 + Terrasse 5 Min-Pausen<\/td><\/tr><tr><td><strong>GR1 + TerrG<\/strong><\/td><td>GR1 + Terrasse 15 Min-Pausen<\/td><\/tr><tr><td><strong>GR2-3 + Terr<\/strong><\/td><td>GR2 und 3 + Terrasse 5 Min-Pausen<\/td><\/tr><tr><td><strong>GR2-3 + TerrG<\/strong><\/td><td>GR2 und 3 + Terrasse 15 Min-Pausen<\/td><\/tr><tr><td><strong>GR4 + Terr<\/strong><\/td><td>GR4 + Terrasse 5 Min-Pausen<\/td><\/tr><tr><td><strong>GR4 + TerrG<\/strong><\/td><td>GR4 + Terrasse 15 Min-Pausen<\/td><\/tr><tr><td><strong>GR4+TerrG2<\/strong><\/td><td>Zweite Person gro\u00dfe Pause GR4<\/td><\/tr><tr><td><strong>BE + Terr4<\/strong><\/td><td>Werk-\/Zeichenlehreraufsicht<\/td><\/tr><tr><td><strong>Pausenhalle<\/strong><\/td><td>Pausenhalle alle Pausen<\/td><\/tr><tr><td><strong>OG Ost<\/strong><\/td><td>BIUK + SPR gro\u00dfe Pause<\/td><\/tr><tr><td><strong>OG West<\/strong><\/td><td>SPR + INFO + BIB gro\u00dfe Pause<\/td><\/tr><tr><td><strong>Rundgang OG<\/strong><\/td><td>Ganzer 1. Stock Fr\u00fchaufsicht<\/td><\/tr><tr><td><strong>TS3-Pause<\/strong><\/td><td>Bewegte Pause TS3<\/td><\/tr><tr><td><strong>TT-Pause<\/strong><\/td><td>Bewegte Pause Tischtennis<\/td><\/tr><tr><td><strong>Sportplatz<\/strong><\/td><td>Sportplatz (Laufbahn\/Hartplatz)<\/td><\/tr><tr><td><strong>Sport + Gre<\/strong><\/td><td>Sportplatz Ost + Ausg. Grenadiergasse<\/td><\/tr><tr><td><strong>ReBo<\/strong><\/td><td>Reflexionsbogenaufsicht STABE<\/td><\/tr><\/tbody><\/table><\/figure>\n","protected":false},"excerpt":{"rendered":"<p>Sport+Dreih Sportplatz West + Eingang Dreih. Eingang Haupteingang bis Knaben-WC GR1 + Terr GR1 + Terrasse 5 Min-Pausen GR1 + TerrG GR1 + Terrasse 15 Min-Pausen GR2-3 + Terr GR2 und 3 + Terrasse 5 Min-Pausen GR2-3 + TerrG GR2 und 3 + Terrasse 15 Min-Pausen GR4 + Terr GR4 + Terrasse 5 Min-Pausen GR4 + TerrG GR4 + Terrasse 15 Min-Pausen GR4+TerrG2 Zweite Person gro\u00dfe Pause GR4 BE + Terr4 Werk-\/Zeichenlehreraufsicht Pausenhalle Pausenhalle alle Pausen OG Ost BIUK + SPR gro\u00dfe Pause OG West SPR + INFO + BIB gro\u00dfe Pause Rundgang OG Ganzer 1. Stock Fr\u00fchaufsicht TS3-Pause Bewegte Pause TS3 TT-Pause Bewegte Pause Tischtennis Sportplatz Sportplatz (Laufbahn\/Hartplatz) Sport + Gre Sportplatz Ost + Ausg. Grenadiergasse ReBo Reflexionsbogenaufsicht STABE<\/p>\n","protected":false},"author":1,"featured_media":0,"parent":0,"menu_order":0,"comment_status":"closed","ping_status":"closed","template":"","meta":{"_eb_attr":"","postBodyCss":"","postBodyMargin":[],"postBodyPadding":[],"postBodyBackground":{"backgroundType":"classic","gradient":""},"footnotes":""},"class_list":["post-4075","page","type-page","status-publish","hentry"],"aioseo_notices":[],"_links":{"self":[{"href":"https:\/\/www.3hacken.at\/index.php?rest_route=\/wp\/v2\/pages\/4075","targetHints":{"allow":["GET"]}}],"collection":[{"href":"https:\/\/www.3hacken.at\/index.php?rest_route=\/wp\/v2\/pages"}],"about":[{"href":"https:\/\/www.3hacken.at\/index.php?rest_route=\/wp\/v2\/types\/page"}],"author":[{"embeddable":true,"href":"https:\/\/www.3hacken.at\/index.php?rest_route=\/wp\/v2\/users\/1"}],"replies":[{"embeddable":true,"href":"https:\/\/www.3hacken.at\/index.php?rest_route=%2Fwp%2Fv2%2Fcomments&post=4075"}],"version-history":[{"count":0,"href":"https:\/\/www.3hacken.at\/index.php?rest_route=\/wp\/v2\/pages\/4075\/revisions"}],"wp:attachment":[{"href":"https:\/\/www.3hacken.at\/index.php?rest_route=%2Fwp%2Fv2%2Fmedia&parent=4075"}],"curies":[{"name":"wp","href":"https:\/\/api.w.org\/{rel}","templated":true}]}}