{"id":4085,"date":"2025-05-07T17:30:33","date_gmt":"2025-05-07T15:30:33","guid":{"rendered":"https:\/\/wordpress.3hacken.at\/?page_id=4085"},"modified":"2025-05-07T17:30:34","modified_gmt":"2025-05-07T15:30:34","slug":"canon-drucker","status":"publish","type":"page","link":"https:\/\/www.3hacken.at\/?page_id=4085","title":{"rendered":"Canon Drucker"},"content":{"rendered":"\n<div class=\"wp-block-essential-blocks-text  root-eb-text-mh5c0\"><div class=\"eb-parent-wrapper eb-parent-eb-text-mh5c0 \"><div class=\"eb-text-wrapper eb-text-mh5c0\" data-id=\"eb-text-mh5c0\"><p class=\"eb-text\"><strong>Es gibt 3 M\u00f6glichkeiten zum Online-Druck:<\/strong><br>1. \u00dcber die Internetseite &#8222;uniFLOW Online&#8220; -> Mit diesem Link geht es zu\u00a0 uniFLOW Online ->\u00a0<a href=\"https:\/\/dreihacken.eu.uniflowonline.com\" target=\"_blank\" rel=\"noreferrer noopener\">Canon-Online-Druck Portal<\/a><br>Du musst dich mit deinem O365-Schul-Account anmelden!<br>\u00a0<br>2. Drucken per E-Mail \u00fcber dein O365 Outlook -> File an\u00a0<a href=\"mailto:mobileprint@dreihacken.eu.uniflowonline.com\">mobileprint@dreihacken.eu.uniflowonline.com<\/a>\u00a0senden!<br>\u00a0<br>3. Mit einem Mobilen App -> Lade das &#8222;uniFLOW Online Print &amp; Scan&#8220; App \u00fcber den Appstore oder \u00fcber das Unternehmerportal herunter.<br>Funktioniert derzeit nur f\u00fcr ein Ger\u00e4t!<br>\u00a0 \u00a0a. Manuelle Anmeldung mit der URL\u00a0<strong>dreihacken.eu.uniflowonline.com <\/strong>und deinem O365 Login<br>\u00a0 \u00a0b. Anmeldung mit QR-Code:<br>\u00a0 \u00a0 \u00a0 Melde dich bei\u00a0uniFLOW Online an\u00a0 ->\u00a0<a href=\"https:\/\/dreihacken.eu.uniflowonline.com\" target=\"_blank\" rel=\"noreferrer noopener\">Canon-Online-Druck Portal<\/a><br>\u00a0 \u00a0 \u00a0 Klicke rechts oben neben deinen Namen auf MobileApp und scanne den QR-Code.<br>\u00a0<br><strong>Information zum Scanen mit den neuen Canon-Kopierer!<\/strong><br>Es gibt jetzt nur noch die M\u00f6glichkeit deine Scans per Email zu senden, oder auf deine ONE-Drive Dateien zu speichern.<br>Achtung: Beim ersten Versuch mit ONE-Drive bekommst du eine Nachricht am Display und eine Email.<br>\u00a0 \u00a0 \u00a0 \u00a0 \u00a0 \u00a0 \u00a0 \u00a0Mit dem Link in der E-Mail musst du dich einmalig ins uniFlow einloggen &#8211; erst\u00a0 danach funtioniert das Speichern deiner Scans.<br><\/p><\/div><\/div><\/div>\n","protected":false},"excerpt":{"rendered":"","protected":false},"author":1,"featured_media":0,"parent":0,"menu_order":0,"comment_status":"closed","ping_status":"closed","template":"","meta":{"_eb_attr":"","postBodyCss":"","postBodyMargin":[],"postBodyPadding":[],"postBodyBackground":{"backgroundType":"classic","gradient":""},"footnotes":""},"class_list":["post-4085","page","type-page","status-publish","hentry"],"aioseo_notices":[],"_links":{"self":[{"href":"https:\/\/www.3hacken.at\/index.php?rest_route=\/wp\/v2\/pages\/4085","targetHints":{"allow":["GET"]}}],"collection":[{"href":"https:\/\/www.3hacken.at\/index.php?rest_route=\/wp\/v2\/pages"}],"about":[{"href":"https:\/\/www.3hacken.at\/index.php?rest_route=\/wp\/v2\/types\/page"}],"author":[{"embeddable":true,"href":"https:\/\/www.3hacken.at\/index.php?rest_route=\/wp\/v2\/users\/1"}],"replies":[{"embeddable":true,"href":"https:\/\/www.3hacken.at\/index.php?rest_route=%2Fwp%2Fv2%2Fcomments&post=4085"}],"version-history":[{"count":0,"href":"https:\/\/www.3hacken.at\/index.php?rest_route=\/wp\/v2\/pages\/4085\/revisions"}],"wp:attachment":[{"href":"https:\/\/www.3hacken.at\/index.php?rest_route=%2Fwp%2Fv2%2Fmedia&parent=4085"}],"curies":[{"name":"wp","href":"https:\/\/api.w.org\/{rel}","templated":true}]}}