{"id":4226,"date":"2025-07-09T14:32:19","date_gmt":"2025-07-09T12:32:19","guid":{"rendered":"https:\/\/wordpress.3hacken.at\/?page_id=4226"},"modified":"2025-11-17T18:36:47","modified_gmt":"2025-11-17T17:36:47","slug":"club-3hacken","status":"publish","type":"page","link":"https:\/\/www.3hacken.at\/?page_id=4226","title":{"rendered":"Club 3Hacken"},"content":{"rendered":"\t\t<div data-elementor-type=\"wp-page\" data-elementor-id=\"4226\" class=\"elementor elementor-4226\">\n\t\t\t\t<div class=\"elementor-element elementor-element-bfde461 e-flex e-con-boxed wpr-particle-no wpr-jarallax-no wpr-parallax-no wpr-sticky-section-no e-con e-parent\" data-id=\"bfde461\" data-element_type=\"container\">\n\t\t\t\t\t<div class=\"e-con-inner\">\n\t\t<div class=\"elementor-element elementor-element-29fb95f e-con-full e-flex wpr-particle-no wpr-jarallax-no wpr-parallax-no wpr-sticky-section-no e-con e-child\" data-id=\"29fb95f\" data-element_type=\"container\">\n\t\t\t\t<\/div>\n\t\t<div class=\"elementor-element elementor-element-cf7b8c8 e-con-full e-flex wpr-particle-no wpr-jarallax-no wpr-parallax-no wpr-sticky-section-no e-con e-child\" data-id=\"cf7b8c8\" data-element_type=\"container\">\n\t\t\t\t<div class=\"elementor-element elementor-element-b3dee29 elementor-widget elementor-widget-image\" data-id=\"b3dee29\" data-element_type=\"widget\" data-widget_type=\"image.default\">\n\t\t\t\t<div class=\"elementor-widget-container\">\n\t\t\t\t\t\t\t\t\t\t\t\t\t\t\t<img decoding=\"async\" width=\"255\" height=\"90\" src=\"https:\/\/www.3hacken.at\/wp-content\/uploads\/2025\/07\/c3h_logo_title.gif\" class=\"attachment-large size-large wp-image-4228\" alt=\"\" \/>\t\t\t\t\t\t\t\t\t\t\t\t\t\t\t<\/div>\n\t\t\t\t<\/div>\n\t\t\t\t<\/div>\n\t\t\t\t<div class=\"elementor-element elementor-element-bbba92e elementor-widget elementor-widget-text-editor\" data-id=\"bbba92e\" data-element_type=\"widget\" data-widget_type=\"text-editor.default\">\n\t\t\t\t<div class=\"elementor-widget-container\">\n\t\t\t\t\t\t\t\t\t<p align=\"justify\">Der <span id=\"c3h\">Club 3hacken<\/span>\u00a0wurde gegr\u00fcndet, um das verringerte Angebot an Unverbindlichen \u00dcbungen auszugleichen. Der Club bietet Kurse in den Bereichen Sport, EDV, Musisches und Sprache im Programm, sowie die bew\u00e4hrte Lernhilfe von Oberstufensch\u00fclerInnen f\u00fcr Sch\u00fclerInnen der Unterstufe unter dem Motto &#8222;Sch\u00fcler helfen Sch\u00fclern&#8220;, und manches mehr!<\/p><p align=\"justify\">Gesellige Ereignisse runden das Programm des <span id=\"c3h\">Club 3hacken<\/span>\u00a0ab und sollen helfen, Eltern, LehrerInnen, Sch\u00fclerInnen und Freunde unserer Schule einander n\u00e4her zu bringen.<\/p><p align=\"justify\">Da sich der <span id=\"c3h\">Club 3hacken<\/span>\u00a0selbst erhalten muss, werden Kursbeitr\u00e4ge eingehoben. Mit diesem Geld werden die Kosten f\u00fcr die Kurse und den Club gedeckt (Referenten, Druck des Programms usw.). Der Club ist nicht auf Gewinn ausgerichtet.<\/p><p align=\"justify\">Die Angebote des <span id=\"c3h\">Club 3hacken<\/span>\u00a0k\u00f6nnen von Sch\u00fclerInnen, Eltern, LehrerInnen und FreundInnen der Schule in Anspruch genommen werden.<\/p><p align=\"justify\">Die Lernhilfe im <span id=\"c3h\">Club 3hacken<\/span>\u00a0wird in Kleingruppen (von 1-3 Sch\u00fclerInnen) angeboten, von Sch\u00fclerInnen der Oberstufe geleitet und kostet weit weniger als traditionelle Nachhilfe.<\/p><p align=\"justify\">\u00dcber das Angebot des <span id=\"c3h\">Club 3hacken<\/span>\u00a0an Veranstaltungen, Kulturfahrten und dergleichen k\u00f6nnen Sie sich jeweilsim aktuellen Jahresprogramm\u00a0informieren.<\/p><h2>Jahresprogrammm<\/h2><p>Das Jahresprogramm des Club 3hacken f\u00fcr das jeweilige Schuljahr liegt in den Klassen auf.<\/p><h2>Anmeldung<\/h2><p>Sofern nicht bei den einzelnen Kursen anders angegeben, findet die Anmeldung mit dem Anmeldeabschnitt am ausgegebene Jahresprogramm statt.<\/p><h2>Kontakt<\/h2><table class=\"c3h_tab_small\"><tbody><tr><th>Email<\/th><td><span id=\"cloak7b0f4161401c193741871ca33ae37930\"><a href=\"mailto:club@3hacken.at\">club@3hacken.at<\/a><\/span><\/td><\/tr><tr><th>Telefon<\/th><td>05 0248 012 (Schulsekretariat)<\/td><\/tr><tr><th>Auskunft<\/th><td>Dir. Mag. Dr. Andrea Weitlaner<br \/>Mag. Bettina Birnhuber<br \/>Mag. Jakob Georg Hatz<br \/>Mag. Ulrike Weitlaner<\/td><\/tr><\/tbody><\/table><h2>Die Funktion\u00e4rinnen und Funktion\u00e4re<\/h2><p>Stand: Mai 2024<\/p><h3>Vorstand<\/h3><table class=\"c3h_tab_small\"><tbody><tr><th>Obmann<\/th><td>Dipl.-Ing. Markus Maier<\/td><\/tr><tr><th>Stv. Obfrau<\/th><td>Marlene Eberhardt, MEd<\/td><\/tr><tr><th>Kassierin<\/th><td>Mag. Ulrike Weitlaner<\/td><\/tr><tr><th>Stv. Kassier<\/th><td>Mag. Manuel Ritzmaier<\/td><\/tr><tr><th>Schriftf\u00fchrerin<\/th><td>Mag. Bettina Birnhuber<\/td><\/tr><tr><th>Stv. Schriftf\u00fchrerin<\/th><td>Mag. Dr. Andrea Weitlaner<\/td><\/tr><\/tbody><\/table><h3>Rechnungspr\u00fcfer<\/h3><table class=\"c3h_tab_small\"><tbody><tr><th>Rechnungspr\u00fcfer<\/th><td>Mag. Hermann Grie\u00dfer<\/td><\/tr><tr><th>Rechnungspr\u00fcfer (Stv.)<\/th><td>Mag. Josef Wally<\/td><\/tr><\/tbody><\/table><h2>Statuten<\/h2><p>Die Statuten des <span id=\"c3h\">Club 3hacken<\/span> in der letztg\u00fcltigen Fassung aus dem Jahr 2015 k\u00f6nnen <a href=\"https:\/\/www.3hacken.at\/service\/pdf\/statuten_2015.pdf\" target=\"_blank\" rel=\"noopener\">hier eingesehen<\/a> werden.<\/p><p><a href=\"https:\/\/www.3hacken.at\/?page_id=2650#Elternsprechtag\">testlink<\/a><\/p>\t\t\t\t\t\t\t\t<\/div>\n\t\t\t\t<\/div>\n\t\t\t\t\t<\/div>\n\t\t\t\t<\/div>\n\t\t\t\t<\/div>\n\t\t","protected":false},"excerpt":{"rendered":"<p>Der Club 3hacken\u00a0wurde gegr\u00fcndet, um das verringerte Angebot an Unverbindlichen \u00dcbungen auszugleichen. Der Club bietet Kurse in den Bereichen Sport, EDV, Musisches und Sprache im Programm, sowie die bew\u00e4hrte Lernhilfe von Oberstufensch\u00fclerInnen f\u00fcr Sch\u00fclerInnen der Unterstufe unter dem Motto &#8222;Sch\u00fcler helfen Sch\u00fclern&#8220;, und manches mehr! Gesellige Ereignisse runden das Programm des Club 3hacken\u00a0ab und sollen helfen, Eltern, LehrerInnen, Sch\u00fclerInnen und Freunde unserer Schule einander n\u00e4her zu bringen. Da sich der Club 3hacken\u00a0selbst erhalten muss, werden Kursbeitr\u00e4ge eingehoben. Mit diesem Geld werden die Kosten f\u00fcr die Kurse und den Club gedeckt (Referenten, Druck des Programms usw.). Der Club ist nicht auf Gewinn ausgerichtet. Die Angebote des Club 3hacken\u00a0k\u00f6nnen von Sch\u00fclerInnen, Eltern, LehrerInnen und FreundInnen der Schule in Anspruch genommen werden. Die Lernhilfe im Club 3hacken\u00a0wird in Kleingruppen (von 1-3 Sch\u00fclerInnen) angeboten, von Sch\u00fclerInnen der Oberstufe geleitet und kostet weit weniger als traditionelle Nachhilfe. \u00dcber das Angebot des Club 3hacken\u00a0an Veranstaltungen, Kulturfahrten und dergleichen k\u00f6nnen Sie sich jeweilsim aktuellen Jahresprogramm\u00a0informieren. Jahresprogrammm Das Jahresprogramm des Club 3hacken f\u00fcr das jeweilige Schuljahr liegt in den Klassen auf. Anmeldung Sofern nicht bei den einzelnen Kursen anders angegeben, findet die Anmeldung mit dem Anmeldeabschnitt am ausgegebene Jahresprogramm statt. Kontakt Email club@3hacken.at Telefon 05 0248 012 (Schulsekretariat) Auskunft Dir. Mag. Dr. Andrea WeitlanerMag. Bettina BirnhuberMag. Jakob Georg HatzMag. Ulrike Weitlaner Die Funktion\u00e4rinnen und Funktion\u00e4re Stand: Mai 2024 Vorstand Obmann Dipl.-Ing. Markus Maier Stv. Obfrau Marlene Eberhardt, MEd Kassierin Mag. Ulrike Weitlaner Stv. Kassier Mag. Manuel Ritzmaier Schriftf\u00fchrerin Mag. Bettina Birnhuber Stv. Schriftf\u00fchrerin Mag. Dr. Andrea Weitlaner Rechnungspr\u00fcfer Rechnungspr\u00fcfer Mag. Hermann Grie\u00dfer Rechnungspr\u00fcfer (Stv.) Mag. Josef Wally Statuten Die Statuten des Club 3hacken in der letztg\u00fcltigen Fassung aus dem Jahr 2015 k\u00f6nnen hier eingesehen werden. testlink<\/p>\n","protected":false},"author":1,"featured_media":0,"parent":0,"menu_order":0,"comment_status":"closed","ping_status":"closed","template":"","meta":{"_eb_attr":"","postBodyCss":"","postBodyMargin":[],"postBodyPadding":[],"postBodyBackground":{"backgroundType":"classic","gradient":""},"footnotes":""},"class_list":["post-4226","page","type-page","status-publish","hentry"],"aioseo_notices":[],"_links":{"self":[{"href":"https:\/\/www.3hacken.at\/index.php?rest_route=\/wp\/v2\/pages\/4226","targetHints":{"allow":["GET"]}}],"collection":[{"href":"https:\/\/www.3hacken.at\/index.php?rest_route=\/wp\/v2\/pages"}],"about":[{"href":"https:\/\/www.3hacken.at\/index.php?rest_route=\/wp\/v2\/types\/page"}],"author":[{"embeddable":true,"href":"https:\/\/www.3hacken.at\/index.php?rest_route=\/wp\/v2\/users\/1"}],"replies":[{"embeddable":true,"href":"https:\/\/www.3hacken.at\/index.php?rest_route=%2Fwp%2Fv2%2Fcomments&post=4226"}],"version-history":[{"count":3,"href":"https:\/\/www.3hacken.at\/index.php?rest_route=\/wp\/v2\/pages\/4226\/revisions"}],"predecessor-version":[{"id":6033,"href":"https:\/\/www.3hacken.at\/index.php?rest_route=\/wp\/v2\/pages\/4226\/revisions\/6033"}],"wp:attachment":[{"href":"https:\/\/www.3hacken.at\/index.php?rest_route=%2Fwp%2Fv2%2Fmedia&parent=4226"}],"curies":[{"name":"wp","href":"https:\/\/api.w.org\/{rel}","templated":true}]}}