{"id":6292,"date":"2026-01-12T10:17:46","date_gmt":"2026-01-12T09:17:46","guid":{"rendered":"https:\/\/www.3hacken.at\/?page_id=6292"},"modified":"2026-01-12T10:19:36","modified_gmt":"2026-01-12T09:19:36","slug":"tanz-am-bg-brg-mg-dreihackengasse","status":"publish","type":"page","link":"https:\/\/www.3hacken.at\/?page_id=6292","title":{"rendered":"Tanz am BG\/BRG\/MG Dreihackengasse"},"content":{"rendered":"\t\t<div data-elementor-type=\"wp-page\" data-elementor-id=\"6292\" class=\"elementor elementor-6292\">\n\t\t\t\t<div class=\"elementor-element elementor-element-0ac2d1d e-flex e-con-boxed wpr-particle-no wpr-jarallax-no wpr-parallax-no wpr-sticky-section-no e-con e-parent\" data-id=\"0ac2d1d\" data-element_type=\"container\">\n\t\t\t\t\t<div class=\"e-con-inner\">\n\t\t\t\t<div class=\"elementor-element elementor-element-aeeec3a elementor-widget elementor-widget-text-editor\" data-id=\"aeeec3a\" data-element_type=\"widget\" data-widget_type=\"text-editor.default\">\n\t\t\t\t<div class=\"elementor-widget-container\">\n\t\t\t\t\t\t\t\t\t<div class=\"elementToProof\">Die Tanzensembles sind ein fester und lebendiger Bestandteil des Schulalltags am Musikgymnasium Dreihackengasse. Geleitet werden sie von <b>Pamina Plauder<\/b>&nbsp;und stehen allen tanzbegeisterten Sch\u00fcler:innen offen.<\/div>\n<div class=\"elementToProof\">Auf der Basis des <b>klassischen Balletts<\/b>&nbsp;als t\u00e4nzerischem Fundament erkunden die Ensembles regelm\u00e4\u00dfig unterschiedlichste Tanzstile. Dazu z\u00e4hlen unter anderem <b>Musical Dance, Jazz, Modern, Stepptanz, Akrobatik<\/b>&nbsp;und vieles mehr. Diese stilistische Vielfalt erm\u00f6glicht es den Sch\u00fcler:innen, ihre t\u00e4nzerischen F\u00e4higkeiten umfassend zu entwickeln und ihren pers\u00f6nlichen Ausdruck zu st\u00e4rken.<\/div><div class=\"elementToProof\"><br><\/div>\n<div class=\"elementToProof\">Ein besonderer H\u00f6hepunkt jedes Schuljahres ist der <b>gro\u00dfe Tanzabend<\/b>, der jeweils einem eigenen Thema gewidmet ist. Rund <b>80 Sch\u00fcler:innen<\/b>&nbsp;sind j\u00e4hrlich an dieser Produktion beteiligt. \u00dcber mehrere Monate hinweg wird gemeinsam kreativ gearbeitet, choreografiert und intensiv geprobt.<\/div>\n<div class=\"elementToProof\">Die Tanzensembles sind auch <b>au\u00dferhalb der Schule<\/b>&nbsp;aktiv. So wirkten sie unter anderem beim Schulmusical <b>\u201eRobbe an Delfin\u201c<\/b>&nbsp;im <b>Next Liberty Graz<\/b>&nbsp;mit.&nbsp;<\/div><div class=\"elementToProof\">Dar\u00fcber hinaus wurden die Ensembles bereits f\u00fcr <b>ausw\u00e4rtige Auftritte<\/b>&nbsp;gebucht, etwa bei der <b>20-Jahr-Feier des Wegener Centers<\/b>&nbsp;an der Karl-Franzens-Universit\u00e4t Graz \u2013 oder auch f\u00fcr ganz besondere Anl\u00e4sse wie die t\u00e4nzerische Begleitung eines <b>Heiratsantrags<\/b>.<\/div><div class=\"elementToProof\"><br><\/div>\n<div class=\"elementToProof\">Auch im <b>Wettkampfbereich<\/b>&nbsp;sind die Tanzensembles sehr erfolgreich:<br>Teilnahmen an <b>drei \u00f6sterreichischen Tanzmeisterschaften<\/b>&nbsp;brachten mehrfach den<b>\u00f6sterreichischen Staatsmeistertitel (1. Platz)<\/b>&nbsp;sowie einmal den <b>Vizemeistertitel (2. Platz)<\/b>. Zudem war das Ensemble auch bereits bei einer <b>Weltmeisterschaft in Spanien<\/b>&nbsp;vertreten.<\/div>\n<div class=\"elementToProof\">Erg\u00e4nzend zur B\u00fchnenarbeit wurden mehrere <b>Tanzvideos<\/b>&nbsp;produziert, die &nbsp;auf <b>YouTube<\/b>&nbsp;zu sehen sind.<\/div><div class=\"elementToProof\"><br><\/div>\n<div class=\"elementToProof\"><b>Auswahl an Tanzvideos:<\/b><\/div>\n<ul>\n<li><i>Footloose<\/i>: <u><a id=\"OWA595c51af-4b17-6822-d0d5-99f4c3338e03\" class=\"OWAAutoLink\" href=\"https:\/\/www.youtube.com\/watch?v=9DMjryrOAXw\">https:\/\/www.youtube.com\/watch?v=9DMjryrOAXw<\/a><\/u><\/li>\n<li><i>Klimakleber-Tanz<\/i>: <u><a id=\"OWAa5e58d61-f8ba-560a-7e4c-aeaff8699be0\" class=\"OWAAutoLink\" href=\"https:\/\/youtu.be\/8z47B2jzxE8\">https:\/\/youtu.be\/8z47B2jzxE8<\/a><\/u><\/li>\n<li><i>The Most Wonderful Time of the Year<\/i>: <u><a id=\"OWAaee4594a-7f26-e3e3-3e48-bac2a6905495\" class=\"OWAAutoLink\" href=\"https:\/\/www.youtube.com\/watch?v=eevkIkcUKbQ\">https:\/\/www.youtube.com\/watch?v=eevkIkcUKbQ<\/a><\/u><\/li>\n<li><i>This Christmas<\/i>: <u><a id=\"OWA355b4bb8-8961-cc08-288f-212ff2a9e6bd\" class=\"OWAAutoLink\" href=\"https:\/\/www.youtube.com\/watch?v=tAjIVMDvjyw\">https:\/\/www.youtube.com\/watch?v=tAjIVMDvjyw<\/a><\/u><\/li>\n<\/ul>\n<div class=\"elementToProof\"><br><\/div><div class=\"elementToProof\">Aufgrund der gro\u00dfen Nachfrage nach Tanz gibt es mittlerweile ein zus\u00e4tzliches Angebot an der Schule: einen eigenen Kurs f\u00fcr <b>Hip Hop und Commercial Dance<\/b>, der im Rahmen des <b>Club 3hackens<\/b>&nbsp;angeboten wird.<\/div>\t\t\t\t\t\t\t\t<\/div>\n\t\t\t\t<\/div>\n\t\t\t\t\t<\/div>\n\t\t\t\t<\/div>\n\t\t\t\t<\/div>\n\t\t","protected":false},"excerpt":{"rendered":"<p>Die Tanzensembles sind ein fester und lebendiger Bestandteil des Schulalltags am Musikgymnasium Dreihackengasse. Geleitet werden sie von Pamina Plauder&nbsp;und stehen allen tanzbegeisterten Sch\u00fcler:innen offen. Auf der Basis des klassischen Balletts&nbsp;als t\u00e4nzerischem Fundament erkunden die Ensembles regelm\u00e4\u00dfig unterschiedlichste Tanzstile. Dazu z\u00e4hlen unter anderem Musical Dance, Jazz, Modern, Stepptanz, Akrobatik&nbsp;und vieles mehr. Diese stilistische Vielfalt erm\u00f6glicht es den Sch\u00fcler:innen, ihre t\u00e4nzerischen F\u00e4higkeiten umfassend zu entwickeln und ihren pers\u00f6nlichen Ausdruck zu st\u00e4rken. Ein besonderer H\u00f6hepunkt jedes Schuljahres ist der gro\u00dfe Tanzabend, der jeweils einem eigenen Thema gewidmet ist. Rund 80 Sch\u00fcler:innen&nbsp;sind j\u00e4hrlich an dieser Produktion beteiligt. \u00dcber mehrere Monate hinweg wird gemeinsam kreativ gearbeitet, choreografiert und intensiv geprobt. Die Tanzensembles sind auch au\u00dferhalb der Schule&nbsp;aktiv. So wirkten sie unter anderem beim Schulmusical \u201eRobbe an Delfin\u201c&nbsp;im Next Liberty Graz&nbsp;mit.&nbsp;Dar\u00fcber hinaus wurden die Ensembles bereits f\u00fcr ausw\u00e4rtige Auftritte&nbsp;gebucht, etwa bei der 20-Jahr-Feier des Wegener Centers&nbsp;an der Karl-Franzens-Universit\u00e4t Graz \u2013 oder auch f\u00fcr ganz besondere Anl\u00e4sse wie die t\u00e4nzerische Begleitung eines Heiratsantrags. Auch im Wettkampfbereich&nbsp;sind die Tanzensembles sehr erfolgreich:Teilnahmen an drei \u00f6sterreichischen Tanzmeisterschaften&nbsp;brachten mehrfach den\u00f6sterreichischen Staatsmeistertitel (1. Platz)&nbsp;sowie einmal den Vizemeistertitel (2. Platz). Zudem war das Ensemble auch bereits bei einer Weltmeisterschaft in Spanien&nbsp;vertreten. Erg\u00e4nzend zur B\u00fchnenarbeit wurden mehrere Tanzvideos&nbsp;produziert, die &nbsp;auf YouTube&nbsp;zu sehen sind. Auswahl an Tanzvideos: Footloose: https:\/\/www.youtube.com\/watch?v=9DMjryrOAXw Klimakleber-Tanz: https:\/\/youtu.be\/8z47B2jzxE8 The Most Wonderful Time of the Year: https:\/\/www.youtube.com\/watch?v=eevkIkcUKbQ This Christmas: https:\/\/www.youtube.com\/watch?v=tAjIVMDvjyw Aufgrund der gro\u00dfen Nachfrage nach Tanz gibt es mittlerweile ein zus\u00e4tzliches Angebot an der Schule: einen eigenen Kurs f\u00fcr Hip Hop und Commercial Dance, der im Rahmen des Club 3hackens&nbsp;angeboten wird.<\/p>\n","protected":false},"author":1,"featured_media":0,"parent":0,"menu_order":0,"comment_status":"closed","ping_status":"closed","template":"","meta":{"_eb_attr":"","postBodyCss":"","postBodyMargin":[],"postBodyPadding":[],"postBodyBackground":{"backgroundType":"classic","gradient":""},"footnotes":""},"class_list":["post-6292","page","type-page","status-publish","hentry"],"aioseo_notices":[],"_links":{"self":[{"href":"https:\/\/www.3hacken.at\/index.php?rest_route=\/wp\/v2\/pages\/6292","targetHints":{"allow":["GET"]}}],"collection":[{"href":"https:\/\/www.3hacken.at\/index.php?rest_route=\/wp\/v2\/pages"}],"about":[{"href":"https:\/\/www.3hacken.at\/index.php?rest_route=\/wp\/v2\/types\/page"}],"author":[{"embeddable":true,"href":"https:\/\/www.3hacken.at\/index.php?rest_route=\/wp\/v2\/users\/1"}],"replies":[{"embeddable":true,"href":"https:\/\/www.3hacken.at\/index.php?rest_route=%2Fwp%2Fv2%2Fcomments&post=6292"}],"version-history":[{"count":4,"href":"https:\/\/www.3hacken.at\/index.php?rest_route=\/wp\/v2\/pages\/6292\/revisions"}],"predecessor-version":[{"id":6296,"href":"https:\/\/www.3hacken.at\/index.php?rest_route=\/wp\/v2\/pages\/6292\/revisions\/6296"}],"wp:attachment":[{"href":"https:\/\/www.3hacken.at\/index.php?rest_route=%2Fwp%2Fv2%2Fmedia&parent=6292"}],"curies":[{"name":"wp","href":"https:\/\/api.w.org\/{rel}","templated":true}]}}